{"id":25718,"date":"2021-03-30T14:18:46","date_gmt":"2021-03-30T14:18:46","guid":{"rendered":"https:\/\/test.synergiainstalaciones.es\/trabaja-con-nosotros\/"},"modified":"2026-01-04T11:30:42","modified_gmt":"2026-01-04T11:30:42","slug":"trabaja-con-nosotros-vieja","status":"publish","type":"page","link":"https:\/\/www.synergiainstalaciones.es\/en\/trabaja-con-nosotros-vieja\/","title":{"rendered":"Trabaja con nosotros (VIEJA)"},"content":{"rendered":"<h2>OFERTAS DE EMPLEO<\/h2>\n<p><a href=\"https:\/\/es.indeed.com\/job\/fontanero-clima-6f3cfac61ceab96e?_gl=1*1p1kh1n*_gcl_au*NzM1MjY3NzcwLjE3MDE3NzM5ODY.\"><br \/><img decoding=\"async\" src=\"https:\/\/www.synergiainstalaciones.es\/wp-content\/uploads\/2022\/04\/LOGO-EMPLEO-2-1536x342.png\" sizes=\"(max-width: 1170px) 100vw, 1170px\" srcset=\"https:\/\/www.synergiainstalaciones.es\/wp-content\/uploads\/2022\/04\/LOGO-EMPLEO-2-1536x342.png 1536w, https:\/\/www.synergiainstalaciones.es\/wp-content\/uploads\/2022\/04\/LOGO-EMPLEO-2-300x67.png 300w, https:\/\/www.synergiainstalaciones.es\/wp-content\/uploads\/2022\/04\/LOGO-EMPLEO-2-1024x228.png 1024w, https:\/\/www.synergiainstalaciones.es\/wp-content\/uploads\/2022\/04\/LOGO-EMPLEO-2-768x171.png 768w, https:\/\/www.synergiainstalaciones.es\/wp-content\/uploads\/2022\/04\/LOGO-EMPLEO-2-2048x456.png 2048w\" alt=\"\" width=\"1170\" height=\"261\" \/> <\/a><\/p>\n<h4><a href=\"https:\/\/es.indeed.com\/job\/fontanero-clima-6f3cfac61ceab96e?_gl=1*1p1kh1n*_gcl_au*NzM1MjY3NzcwLjE3MDE3NzM5ODY.\">OFERTA DE EMPLEO EN GETAFE (MADRID)<\/a><\/h4>\n<p><strong>T\u00e9cnico de mantenimiento industria<\/strong>l &#8211; MAYO 2025<\/p>\n<p><a href=\"https:\/\/es.indeed.com\/job\/ayudante-de-electricista-d172f36074388f28?_gl=1*yqscfl*_gcl_au*NzM1MjY3NzcwLjE3MDE3NzM5ODY.\"><br \/><img decoding=\"async\" src=\"https:\/\/www.synergiainstalaciones.es\/wp-content\/uploads\/2022\/04\/LOGO-EMPLEO-2-1536x342.png\" sizes=\"(max-width: 1170px) 100vw, 1170px\" srcset=\"https:\/\/www.synergiainstalaciones.es\/wp-content\/uploads\/2022\/04\/LOGO-EMPLEO-2-1536x342.png 1536w, https:\/\/www.synergiainstalaciones.es\/wp-content\/uploads\/2022\/04\/LOGO-EMPLEO-2-300x67.png 300w, https:\/\/www.synergiainstalaciones.es\/wp-content\/uploads\/2022\/04\/LOGO-EMPLEO-2-1024x228.png 1024w, https:\/\/www.synergiainstalaciones.es\/wp-content\/uploads\/2022\/04\/LOGO-EMPLEO-2-768x171.png 768w, https:\/\/www.synergiainstalaciones.es\/wp-content\/uploads\/2022\/04\/LOGO-EMPLEO-2-2048x456.png 2048w\" alt=\"\" width=\"1170\" height=\"261\" \/> <\/a><\/p>\n<h4><a href=\"https:\/\/es.indeed.com\/cmp\/Synergia-Instalaciones-Slu\/jobs?jk=e5cd4e94d0e18f97&amp;start=0#\">OFERTA DE EMPLEO EN GETAFE (madrid)<\/a><\/h4>\n<p><strong>Electricista\/Delineante de Eplan<\/strong> &#8211; MAYO 2025<\/p>\n<p><a href=\"https:\/\/es.indeed.com\/job\/ingeniero-t%C3%A9cnico-en-electricidad-industrial-0caf40ed3082a69c?_gl=1*yqscfl*_gcl_au*NzM1MjY3NzcwLjE3MDE3NzM5ODY.\"><br \/><img decoding=\"async\" src=\"https:\/\/www.synergiainstalaciones.es\/wp-content\/uploads\/2022\/04\/LOGO-EMPLEO-2-1536x342.png\" sizes=\"(max-width: 1170px) 100vw, 1170px\" srcset=\"https:\/\/www.synergiainstalaciones.es\/wp-content\/uploads\/2022\/04\/LOGO-EMPLEO-2-1536x342.png 1536w, https:\/\/www.synergiainstalaciones.es\/wp-content\/uploads\/2022\/04\/LOGO-EMPLEO-2-300x67.png 300w, https:\/\/www.synergiainstalaciones.es\/wp-content\/uploads\/2022\/04\/LOGO-EMPLEO-2-1024x228.png 1024w, https:\/\/www.synergiainstalaciones.es\/wp-content\/uploads\/2022\/04\/LOGO-EMPLEO-2-768x171.png 768w, https:\/\/www.synergiainstalaciones.es\/wp-content\/uploads\/2022\/04\/LOGO-EMPLEO-2-2048x456.png 2048w\" alt=\"\" width=\"1170\" height=\"261\" \/> <\/a><\/p>\n<h4><a href=\"https:\/\/es.indeed.com\/cmp\/Synergia-Instalaciones-Slu\/jobs?jk=8c9330fa2f91a12f&amp;start=0#\">OFERTA DE EMPLEO EN GETAFE (MADRID)<\/a><\/h4>\n<p><strong>Electricista Industrial<\/strong> &#8211; MAYO 2025<\/p>\n<p><a href=\"https:\/\/es.indeed.com\/job\/tecnico-de-mantenimiento-de-gases-medicinales-266280a81849dbf7?_gl=1*1us6qz7*_gcl_au*NzM1MjY3NzcwLjE3MDE3NzM5ODY.\"><br \/><img decoding=\"async\" src=\"https:\/\/www.synergiainstalaciones.es\/wp-content\/uploads\/2022\/04\/LOGO-EMPLEO-2-1536x342.png\" sizes=\"(max-width: 1170px) 100vw, 1170px\" srcset=\"https:\/\/www.synergiainstalaciones.es\/wp-content\/uploads\/2022\/04\/LOGO-EMPLEO-2-1536x342.png 1536w, https:\/\/www.synergiainstalaciones.es\/wp-content\/uploads\/2022\/04\/LOGO-EMPLEO-2-300x67.png 300w, https:\/\/www.synergiainstalaciones.es\/wp-content\/uploads\/2022\/04\/LOGO-EMPLEO-2-1024x228.png 1024w, https:\/\/www.synergiainstalaciones.es\/wp-content\/uploads\/2022\/04\/LOGO-EMPLEO-2-768x171.png 768w, https:\/\/www.synergiainstalaciones.es\/wp-content\/uploads\/2022\/04\/LOGO-EMPLEO-2-2048x456.png 2048w\" alt=\"\" width=\"1170\" height=\"261\" \/> <\/a><\/p>\n<h4><a href=\"https:\/\/es.indeed.com\/cmp\/Synergia-Instalaciones-Slu\/jobs?jk=411affff4f8a95bd&amp;start=0#\">OFERTA DE EMPLEO EN GETAFE (MADRID)<\/a><\/h4>\n<p><strong>JEFE DE PROYECTO\/INGENIERO\/ TECNICO COMERCIAL DPTO EL\u00c9CTRICO <\/strong><strong>&#8211; <\/strong>MAYO 2025<\/p>\n<h2>\u00danete al equipo<\/h2>\n<p style=\"text-align: center; max-width: 900px; margin: auto; line-height: 30px;\">Si quieres formar parte de nuestro equipo env\u00edanos tus datos junto a tu curr\u00edculum rellenando el formulario que hay a continuaci\u00f3n.<\/p>\n<p><a>\u00a0<\/a><\/p>\n<p>Espa\u00f1a<\/p>\n<p>Pol. Industrial los Olivos,<br \/>C\/Adaptaci\u00f3n 54,<br \/>28906 Getafe,<br \/>Madrid<\/p>\n<p><a>\u00a0<\/a><\/p>\n<p>Portugal<\/p>\n<p>Largo Carlos Salvagem 3-E<br \/>1500-140 Lisboa<\/p>\n<form action=\"\/wp-admin\/admin-ajax.php#wpcf7-f27346-o1\" enctype=\"multipart\/form-data\" method=\"post\" novalidate=\"novalidate\" aria-label=\"Contact form\" data-status=\"init\"><input name=\"_wpcf7\" type=\"hidden\" value=\"27346\" \/><br \/><input name=\"_wpcf7_version\" type=\"hidden\" value=\"5.7.7\" \/><br \/><input name=\"_wpcf7_locale\" type=\"hidden\" value=\"en_US\" \/><br \/><input name=\"_wpcf7_unit_tag\" type=\"hidden\" value=\"wpcf7-f27346-o1\" \/><br \/><input name=\"_wpcf7_container_post\" type=\"hidden\" value=\"0\" \/><br \/><input name=\"_wpcf7_posted_data_hash\" type=\"hidden\" value=\"\" \/><\/form>\n<p><input name=\"your-name\" size=\"40\" type=\"text\" value=\"\" placeholder=\"Nombre*\" aria-required=\"true\" aria-invalid=\"false\" \/><\/p>\n<p><input name=\"your-email\" size=\"40\" type=\"email\" value=\"\" placeholder=\"Email*\" aria-required=\"true\" aria-invalid=\"false\" \/><\/p>\n<p><input name=\"your-phone\" size=\"40\" type=\"tel\" value=\"\" placeholder=\"Tel\u00e9fono\" aria-invalid=\"false\" \/><\/p>\n<p><textarea cols=\"40\" name=\"your-message\" rows=\"4\" placeholder=\"Comentario\" aria-required=\"true\" aria-invalid=\"false\"><\/textarea><\/p>\n<p>Curr\u00edculum <input accept=\"audio\/*,video\/*,image\/*\" name=\"curriculum\" size=\"40\" type=\"file\" aria-invalid=\"false\" \/><\/p>\n<p><label><input name=\"your-consent\" type=\"checkbox\" value=\"1\" aria-invalid=\"false\" \/>He le\u00eddo y acepto la <a href=\"\/politica-de-privacidad\">pol\u00edtica de privacidad<\/a>.<\/label><\/p>\n<p><input type=\"submit\" value=\"ENVIAR MENSAJE\" \/><\/p>\n\n<div class=\"argpd-informar\">\n\t<p class=\"argpd-informar-title\">Informaci\u00f3n b\u00e1sica sobre protecci\u00f3n de datos <span class=\"argpd-mas\">Ver m\u00e1s<\/span><\/p>\n\t<ul>\n\t\t<li>\n\t\t\t<b>Responsable:<\/b>&nbsp;Synergia Instalaciones.\n\t\t<\/li>\n\t\t<li><b>Finalidad:<\/b>&nbsp;\n\t\t\t\n\t\t\t\t Responder las consultas. \n\t\t\t\t\n\t\t<\/li>\n\t\t<li><b>Legitimaci\u00f3n:<\/b>&nbsp;\n\t\t\t\n\t\t\t\tPor consentimiento del interesado.<\/li>\n\n\t\t<li><b>Destinatarios y encargados de tratamiento:<\/b>&nbsp;\n\n\t\t\t\tNo se ceden o comunican datos a terceros para prestar este servicio.\n\t\t<\/li>\n\t\t<li>\n\t\t\t<b>Derechos:<\/b>&nbsp;Acceder, rectificar y suprimir los datos.\n\t\t<\/li>\n\t\t<li>\n\t\t\t<b>Informaci\u00f3n Adicional:<\/b>&nbsp;Puede consultar la informaci\u00f3n detallada en la <a target=\"_noblank\" href=\"https:\/\/www.synergiainstalaciones.es\/politica-de-privacidad\/\">Pol\u00edtica de Privacidad<\/a>.<\/li>\n\t<\/ul>\n<\/div>\n\n\n\n<p><\/p>\n","protected":false},"excerpt":{"rendered":"<p>OFERTAS DE EMPLEO OFERTA DE EMPLEO EN GETAFE (MADRID) T\u00e9cnico de mantenimiento industrial &#8211; MAYO 2025 OFERTA DE EMPLEO EN&#8230;<\/p>\n","protected":false},"author":1,"featured_media":0,"parent":0,"menu_order":0,"comment_status":"closed","ping_status":"closed","template":"","meta":{"footnotes":""},"class_list":["post-25718","page","type-page","status-publish"],"aioseo_notices":[],"_links":{"self":[{"href":"https:\/\/www.synergiainstalaciones.es\/en\/wp-json\/wp\/v2\/pages\/25718","targetHints":{"allow":["GET"]}}],"collection":[{"href":"https:\/\/www.synergiainstalaciones.es\/en\/wp-json\/wp\/v2\/pages"}],"about":[{"href":"https:\/\/www.synergiainstalaciones.es\/en\/wp-json\/wp\/v2\/types\/page"}],"author":[{"embeddable":true,"href":"https:\/\/www.synergiainstalaciones.es\/en\/wp-json\/wp\/v2\/users\/1"}],"replies":[{"embeddable":true,"href":"https:\/\/www.synergiainstalaciones.es\/en\/wp-json\/wp\/v2\/comments?post=25718"}],"version-history":[{"count":253,"href":"https:\/\/www.synergiainstalaciones.es\/en\/wp-json\/wp\/v2\/pages\/25718\/revisions"}],"predecessor-version":[{"id":28762,"href":"https:\/\/www.synergiainstalaciones.es\/en\/wp-json\/wp\/v2\/pages\/25718\/revisions\/28762"}],"wp:attachment":[{"href":"https:\/\/www.synergiainstalaciones.es\/en\/wp-json\/wp\/v2\/media?parent=25718"}],"curies":[{"name":"wp","href":"https:\/\/api.w.org\/{rel}","templated":true}]}}